{"id":1091,"date":"2022-03-01T08:24:34","date_gmt":"2022-03-01T08:24:34","guid":{"rendered":"https:\/\/startersites.io\/stagingtwo\/?page_id=3"},"modified":"2026-03-16T16:09:53","modified_gmt":"2026-03-16T16:09:53","slug":"cookies","status":"publish","type":"page","link":"https:\/\/ginebrapedrazbeauty.com\/en\/cookies\/","title":{"rendered":"Cookies"},"content":{"rendered":"<div class=\"wp-block-greenshift-blocks-container gspb_container gspb_container-gsbp-90dd34b\" id=\"gspb_container-id-gsbp-90dd34b\">\n<div class=\"wp-block-greenshift-blocks-image gspb_image gspb_image-id-gsbp-7f4a12d alignfull\" id=\"gspb_image-id-gsbp-7f4a12d\"><img decoding=\"async\" src=\"https:\/\/ginebrapedrazbeauty.com\/wp-content\/uploads\/2026\/03\/LOGOTIPO-2-scaled.png\" data-src=\"\" alt=\"\" loading=\"lazy\" width=\"300px\" height=\"2560\"\/><\/div>\n\n\n\n<div id=\"gspb_text-id-gsbp-f48af5e\" class=\"gspb_text gspb_text-id-gsbp-f48af5e\"><strong>USO DE COOKIES<\/strong><br>Fecha de entrada en vigor: 2 de octubre de 2024<br><br><strong>1. Introducci\u00f3n<\/strong><br>Bienvenido a Ginebra Pedraz Beauty atelier. Como comerciante individual, valoro su privacidad y mi objetivo es ser transparente sobre c\u00f3mo utilizo las cookies en mi sitio web. Esta Pol\u00edtica de Cookies explica qu\u00e9 son las cookies, c\u00f3mo se utilizan y c\u00f3mo puedes gestionarlas.<br>\u00a0<br><strong>2. \u00bfQu\u00e9 son las cookies?<\/strong><br>Las cookies son peque\u00f1os archivos de texto que se almacenan en su dispositivo (ordenador, smartphone, tableta) cuando visita un sitio web. Ayudan a los sitios web a recordar sus preferencias y mejorar su experiencia de navegaci\u00f3n.<br>\u00a0<br><strong>3. C\u00f3mo utilizo las cookies<\/strong><br>Utilizo cookies para los siguientes fines:<br>\u00a0<br>Cookies Esenciales: Son necesarias para que el sitio web funcione correctamente y le permiten navegar por el sitio y utilizar sus funciones. Sin estas cookies, es posible que algunas partes del sitio web no funcionen correctamente.<br>Cookies anal\u00edticas: Estas me ayudan a entender c\u00f3mo los visitantes utilizan el sitio web, incluyendo qu\u00e9 p\u00e1ginas se visitan con m\u00e1s frecuencia y c\u00f3mo los usuarios navegan por el sitio. Esta informaci\u00f3n me ayuda a mejorar el rendimiento del sitio web y la experiencia del usuario.<br>Cookies funcionales: Estas cookies recuerdan sus preferencias y elecciones, como su idioma o ubicaci\u00f3n, para ofrecerle una experiencia m\u00e1s personalizada.<br>Cookies de marketing: Estas cookies rastrean tus h\u00e1bitos de navegaci\u00f3n y me permiten ofrecerte publicidad dirigida y relevante para tus intereses. Tambi\u00e9n ayudan a medir la eficacia de las campa\u00f1as publicitarias.<br>\u200b<br><strong>4. Cookies de terceros<\/strong><br>Mi sitio web puede incluir cookies de servicios de terceros como Google Analytics o plataformas de redes sociales. Estas cookies son gestionadas por los respectivos terceros, y su uso se rige por sus propias pol\u00edticas de privacidad.<br>\u00a0<br><strong>5. Gesti\u00f3n de las cookies<\/strong><br>Usted tiene control sobre las cookies. Puede gestionar o desactivar las cookies a trav\u00e9s de la configuraci\u00f3n de su navegador. A continuaci\u00f3n le indicamos c\u00f3mo hacerlo para los navegadores m\u00e1s populares:<br>Google Chrome: C\u00f3mo gestionar las cookies en Chrome<br>Mozilla Firefox: C\u00f3mo administrar las cookies en Firefox<br>Safari: C\u00f3mo administrar cookies en Safari<br>Microsoft Edge: C\u00f3mo administrar las cookies en Edge<br>Tenga en cuenta que deshabilitar las cookies puede afectar a la funcionalidad y experiencia de usuario de mi sitio web.<br>\u00a0<br><strong>6. Cambios en la presente Pol\u00edtica de Cookies<\/strong><br>Puedo actualizar esta Pol\u00edtica de Cookies de vez en cuando. Cualquier cambio ser\u00e1 publicado en esta p\u00e1gina con una fecha de vigencia actualizada. El uso continuado de mi sitio web implica la aceptaci\u00f3n de la Pol\u00edtica de Cookies revisada.<br>\u00a0<br><strong>7. Contacto<\/strong><br>Si tiene alguna pregunta sobre esta Pol\u00edtica de Cookies o sobre c\u00f3mo utilizo las cookies, p\u00f3ngase en contacto conmigo en:<br>\u200b<br><a href=\"mailto:ginebrapedraz@gmail.com\">ginebrapedraz@gmail.com<\/a><br>+34 646072764<\/div>\n<\/div>\n\n\n\n<div class=\"wp-block-greenshift-blocks-container alignfull gspb_container gspb_container-gsbp-07e7024\" id=\"gspb_container-id-gsbp-07e7024\">\n<div class=\"wp-block-greenshift-blocks-row alignfull gspb_row gspb_row-id-gsbp-1a4eb58 gspb_row--gutter-custom-0\" id=\"gspb_row-id-gsbp-1a4eb58\"><div class=\"gspb_row__content\"> \n<div class=\"wp-block-greenshift-blocks-row-column gspb_row__col--6 gspb_row__col--xs-4 gspb_col-id-gsbp-b812599\" id=\"gspb_col-id-gsbp-b812599\">\n<div id=\"gspb_text-id-gsbp-9a16e84\" class=\"gspb_text gspb_text-id-gsbp-9a16e84\"><a href=\"https:\/\/ginebrapedrazbeauty.com\/en\/\" data-type=\"page\" data-id=\"858\">HOME<\/a><br><a href=\"https:\/\/ginebrapedrazbeauty.com\/en\/novias\/\" data-type=\"page\" data-id=\"1310\">BRIDES<\/a><br><a href=\"https:\/\/ginebrapedrazbeauty.com\/en\/eventos\/\" data-type=\"page\" data-id=\"1300\">EVENTS<\/a><br><a href=\"https:\/\/ginebrapedrazbeauty.com\/en\/galeria\/\" data-type=\"page\" data-id=\"851\">GALLERY<\/a><br><a href=\"https:\/\/ginebrapedrazbeauty.com\/en\/formacion\/\" data-type=\"page\" data-id=\"1458\">EDUCATION<\/a><br><a href=\"https:\/\/ginebrapedrazbeauty.com\/en\/testimonios\/\" data-type=\"page\" data-id=\"734\">TESTIMONIALS<\/a><br><a href=\"https:\/\/ginebrapedrazbeauty.com\/en\/contacto\/\" data-type=\"page\" data-id=\"678\">CONTACT<\/a><\/div>\n<\/div>\n\n\n\n<div class=\"wp-block-greenshift-blocks-row-column gspb_row__col--6 gspb_row__col--xs-8 gspb_col-id-gsbp-77449cc\" id=\"gspb_col-id-gsbp-77449cc\">\n<div class=\"wp-block-greenshift-blocks-image gspb_image gspb_image-id-gsbp-491edc0\" id=\"gspb_image-id-gsbp-491edc0\"><a href=\"https:\/\/ginebrapedrazbeauty.com\/en\/\" ><img decoding=\"async\" src=\"https:\/\/ginebrapedrazbeauty.com\/wp-content\/uploads\/2026\/03\/LOGOTIPO-1-1-scaled-e1773489149232.png\" data-src=\"\" alt=\"\" loading=\"lazy\" width=\"2220\" height=\"950\"\/><\/a><\/div>\n\n\n\n<div class=\"wp-block-greenshift-blocks-container gspb_container gspb_container-gsbp-1b6de25\" id=\"gspb_container-id-gsbp-1b6de25\">\n<div class=\"wp-block-greenshift-blocks-container gspb_container gspb_container-gsbp-38caca2\" id=\"gspb_container-id-gsbp-38caca2\">\n<div class=\"wp-block-greenshift-blocks-iconbox gspb_iconBox gspb_iconBox-id-gsbp-0fecc65\" id=\"gspb_iconBox-id-gsbp-0fecc65\"><a class=\"gspb-containerlink\" href=\"https:\/\/www.instagram.com\/ginebrapedrazbeauty\/\" target=\"_blank\" rel=\"noopener\"><div class=\"gspb_iconBox__wrapper\" style=\"display:inline-flex\"><svg class=\"\" style=\"display:inline-block;vertical-align:middle\" width=\"72\" height=\"72\" viewbox=\"0 0 896 1024\" xmlns=\"http:\/\/www.w3.org\/2000\/svg\"><path style=\"fill:#565D66\" d=\"M448.2 282c-127.2 0-229.8 102.6-229.8 229.8s102.6 229.8 229.8 229.8 229.8-102.6 229.8-229.8-102.6-229.8-229.8-229.8zM448.2 661.2c-82.2 0-149.4-67-149.4-149.4s67-149.4 149.4-149.4 149.4 67 149.4 149.4-67.2 149.4-149.4 149.4zM741 272.6c0 29.8-24 53.6-53.6 53.6-29.8 0-53.6-24-53.6-53.6s24-53.6 53.6-53.6 53.6 24 53.6 53.6zM893.2 327c-3.4-71.8-19.8-135.4-72.4-187.8-52.4-52.4-116-68.8-187.8-72.4-74-4.2-295.8-4.2-369.8 0-71.6 3.4-135.2 19.8-187.8 72.2s-68.8 116-72.4 187.8c-4.2 74-4.2 295.8 0 369.8 3.4 71.8 19.8 135.4 72.4 187.8s116 68.8 187.8 72.4c74 4.2 295.8 4.2 369.8 0 71.8-3.4 135.4-19.8 187.8-72.4 52.4-52.4 68.8-116 72.4-187.8 4.2-74 4.2-295.6 0-369.6zM797.6 776c-15.6 39.2-45.8 69.4-85.2 85.2-59 23.4-199 18-264.2 18s-205.4 5.2-264.2-18c-39.2-15.6-69.4-45.8-85.2-85.2-23.4-59-18-199-18-264.2s-5.2-205.4 18-264.2c15.6-39.2 45.8-69.4 85.2-85.2 59-23.4 199-18 264.2-18s205.4-5.2 264.2 18c39.2 15.6 69.4 45.8 85.2 85.2 23.4 59 18 199 18 264.2s5.4 205.4-18 264.2z\"><\/path><\/svg><\/div><\/a><\/div>\n<\/div>\n\n\n\n<div class=\"wp-block-greenshift-blocks-container gspb_container gspb_container-gsbp-f4f6de8\" id=\"gspb_container-id-gsbp-f4f6de8\">\n<div class=\"wp-block-greenshift-blocks-iconbox gspb_iconBox gspb_iconBox-id-gsbp-db1e11b\" id=\"gspb_iconBox-id-gsbp-db1e11b\"><a class=\"gspb-containerlink\" href=\"https:\/\/www.facebook.com\/ginebra.pedrazsoldevilla?mibextid=wwXIfr&amp;rdid=QMwJsEe7ZAhElr8N&amp;share_url=https%3A%2F%2Fwww.facebook.com%2Fshare%2F1BzycSuvtF%2F%3Fmibextid%3DwwXIfr\" target=\"_blank\" rel=\"noopener\"><div class=\"gspb_iconBox__wrapper\" style=\"display:inline-flex\"><svg class=\"\" style=\"display:inline-block;vertical-align:middle\" width=\"72\" height=\"72\" viewbox=\"0 0 1024 1024\" xmlns=\"http:\/\/www.w3.org\/2000\/svg\"><path style=\"fill:#565D66\" d=\"M1008 512c0-274-222-496-496-496s-496 222-496 496c0 247.56 181.38 452.76 418.5 490v-346.62h-126v-143.38h126v-109.28c0-124.3 74-192.96 187.34-192.96 54.28 0 111.040 9.68 111.040 9.68v122h-62.56c-61.6 0-80.82 38.24-80.82 77.46v93.1h137.56l-22 143.38h-115.56v346.62c237.12-37.24 418.5-242.44 418.5-490z\"><\/path><\/svg><\/div><\/a><\/div>\n<\/div>\n\n\n\n<div class=\"wp-block-greenshift-blocks-container gspb_container gspb_container-gsbp-3605fd8\" id=\"gspb_container-id-gsbp-3605fd8\">\n<div class=\"wp-block-greenshift-blocks-iconbox gspb_iconBox gspb_iconBox-id-gsbp-9cd931d\" id=\"gspb_iconBox-id-gsbp-9cd931d\"><a class=\"gspb-containerlink\" href=\"https:\/\/www.pinterest.com\/ginebrapedrazbeauty\/?invite_code=193b35d6e4214625a9e3fd7e6607906f&amp;sender=558446559952377154\" target=\"_blank\" rel=\"noopener\"><div class=\"gspb_iconBox__wrapper\" style=\"display:inline-flex\"><svg class=\"\" style=\"display:inline-block;vertical-align:middle\" width=\"72\" height=\"72\" viewbox=\"0 0 992 1024\" xmlns=\"http:\/\/www.w3.org\/2000\/svg\"><path style=\"fill:#565D66\" d=\"M992 512c0 274-222 496-496 496-51.2 0-100.4-7.8-146.8-22.2 20.2-33 50.4-87 61.6-130 6-23.2 30.8-118 30.8-118 16.2 30.8 63.4 57 113.6 57 149.6 0 257.4-137.6 257.4-308.6 0-163.8-133.8-286.4-305.8-286.4-214 0-327.8 143.6-327.8 300.2 0 72.8 38.8 163.4 100.6 192.2 9.4 4.4 14.4 2.4 16.6-6.6 1.6-6.8 10-40.6 13.8-56.2 1.2-5 0.6-9.4-3.4-14.2-20.2-25-36.6-70.6-36.6-113.2 0-109.4 82.8-215.2 224-215.2 121.8 0 207.2 83 207.2 201.8 0 134.2-67.8 227.2-156 227.2-48.6 0-85.2-40.2-73.4-89.6 14-59 41-122.6 41-165.2 0-38-20.4-69.8-62.8-69.8-49.8 0-89.8 51.4-89.8 120.4 0 44 14.8 73.6 14.8 73.6s-49 207.6-58 246.4c-10 42.8-6 103.2-1.8 142.4-184.4-72.2-315.2-251.8-315.2-462 0-274 222-496 496-496s496 222 496 496z\"><\/path><\/svg><\/div><\/a><\/div>\n<\/div>\n\n\n\n<div class=\"wp-block-greenshift-blocks-container gspb_container gspb_container-gsbp-1d949e8\" id=\"gspb_container-id-gsbp-1d949e8\"><a class=\"gspb-containerlink\" href=\"https:\/\/wa.me\/34646072764\" target=\"_blank\" rel=\"noopener\"><\/a>\n<div class=\"wp-block-greenshift-blocks-iconbox gspb_iconBox gspb_iconBox-id-gsbp-3903beb\" id=\"gspb_iconBox-id-gsbp-3903beb\"><div class=\"gspb_iconBox__wrapper\" style=\"display:inline-flex\"><svg class=\"\" style=\"display:inline-block;vertical-align:middle\" width=\"72\" height=\"72\" viewbox=\"0 0 896 1024\" xmlns=\"http:\/\/www.w3.org\/2000\/svg\"><path style=\"fill:#565D66\" d=\"M761.8 194.2c-83.8-84-195.4-130.2-314-130.2-244.8 0-444 199.2-444 444 0 78.2 20.4 154.6 59.2 222l-63 230 235.4-61.8c64.8 35.4 137.8 54 212.2 54h0.2c244.6 0 448.2-199.2 448.2-444 0-118.6-50.4-230-134.2-314zM447.8 877.4c-66.4 0-131.4-17.8-188-51.4l-13.4-8-139.6 36.6 37.2-136.2-8.8-14c-37-58.8-56.4-126.6-56.4-196.4 0-203.4 165.6-369 369.2-369 98.6 0 191.2 38.4 260.8 108.2s112.4 162.4 112.2 261c0 203.6-169.8 369.2-373.2 369.2zM650.2 601c-11-5.6-65.6-32.4-75.8-36-10.2-3.8-17.6-5.6-25 5.6s-28.6 36-35.2 43.6c-6.4 7.4-13 8.4-24 2.8-65.2-32.6-108-58.2-151-132-11.4-19.6 11.4-18.2 32.6-60.6 3.6-7.4 1.8-13.8-1-19.4s-25-60.2-34.2-82.4c-9-21.6-18.2-18.6-25-19-6.4-0.4-13.8-0.4-21.2-0.4s-19.4 2.8-29.6 13.8c-10.2 11.2-38.8 38-38.8 92.6s39.8 107.4 45.2 114.8c5.6 7.4 78.2 119.4 189.6 167.6 70.4 30.4 98 33 133.2 27.8 21.4-3.2 65.6-26.8 74.8-52.8s9.2-48.2 6.4-52.8c-2.6-5-10-7.8-21-13.2z\"><\/path><\/svg><\/div><\/div>\n<\/div>\n<\/div>\n<\/div>\n <\/div><\/div>\n\n\n\n<div class=\"wp-block-greenshift-blocks-container gspb_container gspb_container-gsbp-4f9f979\" id=\"gspb_container-id-gsbp-4f9f979\">\n<div id=\"gspb_text-id-gsbp-7816905\" class=\"gspb_text gspb_text-id-gsbp-7816905\"><a href=\"https:\/\/ginebrapedrazbeauty.com\/en\/cookies\/\" data-type=\"page\" data-id=\"1091\">Cookies<\/a> | <a href=\"https:\/\/ginebrapedrazbeauty.com\/en\/politica-de-privacidad\/\" data-type=\"page\" data-id=\"3\">Privacy policy<\/a><\/div>\n\n\n\n<div id=\"gspb_text-id-gsbp-f2abc64\" class=\"gspb_text gspb_text-id-gsbp-f2abc64\">Copyright \u00a9 2026 &#8211; Ginebra Pedraz Beauty<\/div>\n<\/div>\n<\/div>","protected":false},"excerpt":{"rendered":"","protected":false},"author":1,"featured_media":0,"parent":0,"menu_order":0,"comment_status":"closed","ping_status":"closed","template":"","meta":{"_gspb_post_css":".gspb_container-id-gsbp-90dd34b{flex-direction:column;box-sizing:border-box}#gspb_container-id-gsbp-07e7024.gspb_container>p:last-of-type,#gspb_container-id-gsbp-1b6de25.gspb_container>p:last-of-type,#gspb_container-id-gsbp-1d949e8.gspb_container>p:last-of-type,#gspb_container-id-gsbp-3605fd8.gspb_container>p:last-of-type,#gspb_container-id-gsbp-38caca2.gspb_container>p:last-of-type,#gspb_container-id-gsbp-4f9f979.gspb_container>p:last-of-type,#gspb_container-id-gsbp-90dd34b.gspb_container>p:last-of-type,#gspb_container-id-gsbp-f4f6de8.gspb_container>p:last-of-type{margin-bottom:0}#gspb_container-id-gsbp-90dd34b.gspb_container{position:relative;box-sizing:border-box}#gspb_image-id-gsbp-7f4a12d img{vertical-align:top;display:inline-block;box-sizing:border-box;max-width:100%;width:300px;height:auto}#gspb_image-id-gsbp-7f4a12d{margin-left:-40px;height:auto}@media (max-width:991.98px){#gspb_image-id-gsbp-7f4a12d,#gspb_image-id-gsbp-7f4a12d img{height:auto}}@media (max-width:767.98px){#gspb_image-id-gsbp-7f4a12d,#gspb_image-id-gsbp-7f4a12d img{height:auto}}@media (max-width:575.98px){#gspb_image-id-gsbp-7f4a12d,#gspb_image-id-gsbp-7f4a12d img{height:auto}.gspb_text-id-gsbp-f48af5e{font-size:12px}}.gspb_text-id-gsbp-f48af5e{color:var(--wp--preset--color--text-on-brand, #000002);margin-bottom:60px!important}.gspb_container-id-gsbp-07e7024{flex-direction:column;box-sizing:border-box}#gspb_container-id-gsbp-07e7024.gspb_container{position:relative;display:flex}@media (max-width:575.98px){#gspb_container-id-gsbp-07e7024.gspb_container{flex-direction:column;justify-content:center;align-items:center}}@media (min-width:992px){body.gspb-bodyfront #gspb_container-id-gsbp-07e7024.gspb_container{display:none!important}}#gspb_container-id-gsbp-07e7024.gspb_container{box-shadow:inset 0 0 20px 0 #00000357}@media (max-width:575.98px){#gspb_container-id-gsbp-07e7024.gspb_container{background-color:#ab896d99}}#gspb_container-id-gsbp-07e7024.gspb_container,div[id^=gspb_col-id]{box-sizing:border-box}@media (max-width:575.98px){body.gspb-bodyfront #gspb_container-id-gsbp-07e7024.gspb_container{height:35vh}}#gspb_row-id-gsbp-1a4eb58{justify-content:space-between;margin-top:0;margin-bottom:0;display:flex;flex-wrap:wrap;align-content:center}#gspb_row-id-gsbp-1a4eb58>.gspb_row__content{display:flex;margin:0 auto;width:100%;flex-wrap:wrap;align-items:center;justify-content:center}.gspb_row{position:relative}div[id^=gspb_col-id]{position:relative;padding:var(--gs-row-column-padding, 15px min(3vw, 20px))}body.gspb-bodyfront #gspb_row-id-gsbp-1a4eb58>.gspb_row__content{width:var(--theme-container-width, 1200px);max-width:var(--theme-normal-container-max-width, 1200px)}@media (max-width:575.98px){#gspb_row-id-gsbp-1a4eb58{min-width:80vw;max-width:80vw}body.gspb-bodyfront #gspb_row-id-gsbp-1a4eb58{position:absolute;top:20px}}#gspb_col-id-gsbp-b812599.gspb_row__col--6{width:50%}@media (max-width:575.98px){#gspb_col-id-gsbp-b812599.gspb_row__col--6{width:33.333333333333336%}}@media (min-width:992px){body.gspb-bodyfront #gspb_col-id-gsbp-b812599.gspb_row__col--6{width:calc(30% - 0px - 0px)}}#gspb_col-id-gsbp-b812599.gspb_row__col--6{flex-direction:column}body #gspb_col-id-gsbp-77449cc.gspb_row__col--6,body #gspb_col-id-gsbp-b812599.gspb_row__col--6{display:flex}.gspb_text-id-gsbp-9a16e84{font-family:Montserrat,sans-serif}@media (max-width:575.98px){.gspb_text-id-gsbp-9a16e84{font-size:10px;line-height:20px;text-align:left!important}.gspb_text-id-gsbp-9a16e84 .gsap-g-line{text-align:left!important}}.gspb_text-id-gsbp-9a16e84,.gspb_text-id-gsbp-9a16e84 .wp-block a,.gspb_text-id-gsbp-9a16e84 a{color:var(--wp--preset--color--palette-color-8, var(--theme-palette-color-8, #ffffff))}@media (max-width:575.98px){.gspb_text-id-gsbp-9a16e84{margin-bottom:0!important}}#gspb_col-id-gsbp-77449cc.gspb_row__col--6{width:50%}@media (max-width:575.98px){#gspb_col-id-gsbp-77449cc.gspb_row__col--6{width:66.66666666666667%}}@media (min-width:992px){body.gspb-bodyfront #gspb_col-id-gsbp-77449cc.gspb_row__col--6{width:calc(70% - 0px - 0px)}}@media (max-width:575.98px){body #gspb_col-id-gsbp-77449cc.gspb_row__col--6{flex-direction:column;justify-content:center;align-items:center}}#gspb_image-id-gsbp-491edc0 img{vertical-align:top;display:inline-block;box-sizing:border-box;max-width:100%;height:auto}@media (max-width:575.98px){#gspb_image-id-gsbp-491edc0 img{width:custom;height:auto}#gspb_image-id-gsbp-491edc0{height:auto}}.gspb_container-id-gsbp-1b6de25,.gspb_container-id-gsbp-1d949e8,.gspb_container-id-gsbp-3605fd8,.gspb_container-id-gsbp-38caca2,.gspb_container-id-gsbp-4f9f979,.gspb_container-id-gsbp-f4f6de8{flex-direction:column;box-sizing:border-box}#gspb_container-id-gsbp-1b6de25.gspb_container{position:relative;display:grid;grid-template-columns:repeat(2,minmax(0,1fr))}@media (max-width:575.98px){#gspb_container-id-gsbp-1b6de25.gspb_container{grid-template-columns:repeat(4,minmax(0,1fr));column-gap:13.4px;margin-top:var(--wp--preset--spacing--50);margin-left:var(--wp--preset--spacing--40)}}#gspb_container-id-gsbp-1b6de25.gspb_container{box-sizing:border-box}#gspb_container-id-gsbp-38caca2.gspb_container{position:relative}@media (max-width:575.98px){#gspb_container-id-gsbp-38caca2.gspb_container{margin-bottom:0}}#gspb_container-id-gsbp-38caca2.gspb_container{box-sizing:border-box}#gspb_iconBox-id-gsbp-0fecc65 svg{width:72px}#gspb_iconBox-id-gsbp-0fecc65 a,#gspb_iconBox-id-gsbp-3903beb,#gspb_iconBox-id-gsbp-9cd931d a,#gspb_iconBox-id-gsbp-db1e11b a{justify-content:center;display:flex}@media (max-width:575.98px){#gspb_iconBox-id-gsbp-0fecc65 svg{height:25px!important;width:25px!important;min-width:25px!important}}#gspb_iconBox-id-gsbp-0fecc65 svg,#gspb_iconBox-id-gsbp-0fecc65 svg path{fill:var(--wp--preset--color--palette-color-2, var(--theme-palette-color-2, #705945))!important}#gspb_iconBox-id-gsbp-0fecc65 svg{margin:0!important}#gspb_iconBox-id-gsbp-0fecc65 svg:hover,#gspb_iconBox-id-gsbp-0fecc65 svg:hover path,#gspb_iconBox-id-gsbp-3903beb svg:hover,#gspb_iconBox-id-gsbp-3903beb svg:hover path,#gspb_iconBox-id-gsbp-9cd931d svg:hover,#gspb_iconBox-id-gsbp-9cd931d svg:hover path,#gspb_iconBox-id-gsbp-db1e11b svg:hover,#gspb_iconBox-id-gsbp-db1e11b svg:hover path{fill:var(--wp--preset--color--palette-color-8, var(--theme-palette-color-8, #ffffff))!important}#gspb_container-id-gsbp-f4f6de8.gspb_container{position:relative}@media (max-width:575.98px){#gspb_container-id-gsbp-f4f6de8.gspb_container{margin-bottom:0}}#gspb_container-id-gsbp-f4f6de8.gspb_container{box-sizing:border-box}#gspb_iconBox-id-gsbp-db1e11b svg{width:72px}@media (max-width:575.98px){#gspb_iconBox-id-gsbp-db1e11b svg{height:25px!important;width:25px!important;min-width:25px!important}}#gspb_iconBox-id-gsbp-db1e11b svg,#gspb_iconBox-id-gsbp-db1e11b svg path{fill:var(--wp--preset--color--palette-color-2, var(--theme-palette-color-2, #705945))!important}#gspb_iconBox-id-gsbp-db1e11b svg{margin:0!important}#gspb_container-id-gsbp-3605fd8.gspb_container{position:relative;box-sizing:border-box}#gspb_iconBox-id-gsbp-9cd931d svg{width:72px}@media (max-width:575.98px){#gspb_iconBox-id-gsbp-9cd931d svg{height:25px!important;width:25px!important;min-width:25px!important}}#gspb_iconBox-id-gsbp-9cd931d svg,#gspb_iconBox-id-gsbp-9cd931d svg path{fill:var(--wp--preset--color--palette-color-2, var(--theme-palette-color-2, #705945))!important}#gspb_iconBox-id-gsbp-9cd931d svg{margin:0!important}#gspb_container-id-gsbp-1d949e8.gspb_container{position:relative}@media (max-width:575.98px){#gspb_container-id-gsbp-1d949e8.gspb_container{margin-bottom:0}}#gspb_container-id-gsbp-1d949e8.gspb_container{box-sizing:border-box}#gspb_container-id-gsbp-1d949e8.gspb_container .gspb-containerlink{position:absolute;top:0;left:0;right:0;bottom:0;z-index:1}#gspb_iconBox-id-gsbp-3903beb svg{width:72px}@media (max-width:575.98px){#gspb_iconBox-id-gsbp-3903beb svg{height:25px!important;width:25px!important;min-width:25px!important}}#gspb_iconBox-id-gsbp-3903beb svg,#gspb_iconBox-id-gsbp-3903beb svg path{fill:var(--wp--preset--color--palette-color-2, var(--theme-palette-color-2, #705945))!important}#gspb_iconBox-id-gsbp-3903beb svg{margin:0!important}#gspb_container-id-gsbp-4f9f979.gspb_container{position:relative;display:flex}@media (max-width:575.98px){#gspb_container-id-gsbp-4f9f979.gspb_container{flex-direction:column;align-items:center}body.gspb-bodyfront #gspb_container-id-gsbp-4f9f979.gspb_container{position:absolute;bottom:20px}}#gspb_container-id-gsbp-4f9f979.gspb_container{box-sizing:border-box}@media (max-width:575.98px){.gspb_text-id-gsbp-7816905{font-size:12px}}.gspb_text-id-gsbp-7816905,.gspb_text-id-gsbp-7816905 .wp-block a,.gspb_text-id-gsbp-7816905 a{color:var(--wp--preset--color--palette-color-2, var(--theme-palette-color-2, #705945))}@media (max-width:575.98px){.gspb_text-id-gsbp-f2abc64{font-size:12px}}.gspb_text-id-gsbp-f2abc64{color:var(--wp--preset--color--palette-color-2, var(--theme-palette-color-2, #705945))}","pgc_sgb_lightbox_settings":"","footnotes":""},"class_list":["post-1091","page","type-page","status-publish","hentry"],"blocksy_meta":{"has_hero_section":"disabled","styles_descriptor":{"styles":{"desktop":"","tablet":"","mobile":""},"google_fonts":[],"version":6},"disable_header":"yes"},"_hostinger_reach_plugin_has_subscription_block":false,"_hostinger_reach_plugin_is_elementor":false,"_links":{"self":[{"href":"https:\/\/ginebrapedrazbeauty.com\/en\/wp-json\/wp\/v2\/pages\/1091","targetHints":{"allow":["GET"]}}],"collection":[{"href":"https:\/\/ginebrapedrazbeauty.com\/en\/wp-json\/wp\/v2\/pages"}],"about":[{"href":"https:\/\/ginebrapedrazbeauty.com\/en\/wp-json\/wp\/v2\/types\/page"}],"author":[{"embeddable":true,"href":"https:\/\/ginebrapedrazbeauty.com\/en\/wp-json\/wp\/v2\/users\/1"}],"replies":[{"embeddable":true,"href":"https:\/\/ginebrapedrazbeauty.com\/en\/wp-json\/wp\/v2\/comments?post=1091"}],"version-history":[{"count":10,"href":"https:\/\/ginebrapedrazbeauty.com\/en\/wp-json\/wp\/v2\/pages\/1091\/revisions"}],"predecessor-version":[{"id":2474,"href":"https:\/\/ginebrapedrazbeauty.com\/en\/wp-json\/wp\/v2\/pages\/1091\/revisions\/2474"}],"wp:attachment":[{"href":"https:\/\/ginebrapedrazbeauty.com\/en\/wp-json\/wp\/v2\/media?parent=1091"}],"curies":[{"name":"wp","href":"https:\/\/api.w.org\/{rel}","templated":true}]}}