{"id":3,"date":"2026-03-11T11:37:05","date_gmt":"2026-03-11T11:37:05","guid":{"rendered":"https:\/\/ginebrapedrazbeauty.com\/?page_id=3"},"modified":"2026-03-16T16:04:02","modified_gmt":"2026-03-16T16:04:02","slug":"politica-de-privacidad","status":"publish","type":"page","link":"https:\/\/ginebrapedrazbeauty.com\/en\/politica-de-privacidad\/","title":{"rendered":"Privacy policy"},"content":{"rendered":"<div class=\"wp-block-greenshift-blocks-container gspb_container gspb_container-gsbp-222be45\" id=\"gspb_container-id-gsbp-222be45\">\n<div class=\"wp-block-greenshift-blocks-image gspb_image gspb_image-id-gsbp-fc38686 alignfull\" id=\"gspb_image-id-gsbp-fc38686\"><img decoding=\"async\" src=\"https:\/\/ginebrapedrazbeauty.com\/wp-content\/uploads\/2026\/03\/LOGOTIPO-2-1-scaled.png\" data-src=\"\" alt=\"\" loading=\"lazy\" width=\"300px\" height=\"947\"\/><\/div>\n\n\n\n<div id=\"gspb_text-id-gsbp-eb19a3f\" class=\"gspb_text gspb_text-id-gsbp-eb19a3f\"><strong>POL\u00cdTICA DE PRIVACIDAD<\/strong><br>Fecha de entrada en vigor: 2 de octubre de 2024<br><br><strong>1. Introducci\u00f3n<\/strong><br>Bienvenido a Ginebra Pedraz Beauty atelier. Como comerciante individual, me comprometo a salvaguardar su privacidad. Esta Pol\u00edtica de Privacidad describe c\u00f3mo recojo, uso y protejo su informaci\u00f3n personal cuando usted interact\u00faa con mis servicios o visita mi sitio web. Por favor, revise esta pol\u00edtica para entender c\u00f3mo se manejan sus datos.<br>\u00a0<br><strong>2. Informaci\u00f3n que recojo<\/strong><br>Datos personales: Cuando reservas una cita o completas un formulario de contacto, recopilo tu nombre, direcci\u00f3n de correo electr\u00f3nico, n\u00famero de tel\u00e9fono y cualquier otro detalle que me proporciones.<br>Informaci\u00f3n de pago: Los pagos se procesan a trav\u00e9s de un proveedor de pago seguro. No almaceno su informaci\u00f3n de pago directamente.<br>Datos de uso: Recopilo datos sobre su visita a mi sitio web, incluida su direcci\u00f3n IP, tipo de navegador y p\u00e1ginas visitadas, para mejorar mi sitio web y mis servicios.<br>\u00a0<br><strong>3. C\u00f3mo utilizo su informaci\u00f3n<\/strong><br>Utilizo su informaci\u00f3n personal para<br>Prestar servicios: Gestionar sus reservas, comunicarme con usted y prestarle los servicios que solicite.<br>Mejorar los servicios: Analizar el uso del sitio web para mejorar su experiencia.<br>Enviar actualizaciones: Informarle sobre cambios en los servicios, promociones o actualizaciones relevantes, si ha optado por recibir estas comunicaciones.<br>Procesar pagos: Tramitar transacciones y gestionar la facturaci\u00f3n.<br>\u200b<br><strong>4. Compartir su informaci\u00f3n<\/strong><br>No vendo su informaci\u00f3n. Sin embargo, puedo compartir sus datos en las siguientes situaciones:<br>Proveedores de servicios: Con terceros de confianza que ayudan en el funcionamiento de mi negocio, como procesadores de pagos y hosts de sitios web. Est\u00e1n sujetos a acuerdos de confidencialidad y s\u00f3lo pueden utilizar sus datos para fines espec\u00edficos.<br>Obligaciones legales: Si as\u00ed lo exige la ley o para proteger mis derechos, propiedad o seguridad.<br>\u00a0<br><strong>5. Seguridad de los datos<\/strong><br>Empleo las medidas t\u00e9cnicas y organizativas adecuadas para proteger sus datos personales frente a accesos no autorizados, p\u00e9rdidas o da\u00f1os. Tenga en cuenta que, aunque me esfuerzo por garantizar la seguridad de sus datos, ning\u00fan servicio en l\u00ednea puede garantizar una seguridad total.<br>\u00a0<br><strong>6. Cookies y seguimiento<\/strong><br>Utilizo cookies para mejorar su experiencia en mi sitio web. Las cookies son peque\u00f1os archivos que se almacenan en su dispositivo. Puede gestionar o desactivar las cookies a trav\u00e9s de la configuraci\u00f3n de su navegador. Para m\u00e1s detalles, consulta mi Pol\u00edtica de Cookies.<br>\u200b<br><strong>7. Sus derechos<\/strong><br>En virtud de la ley de protecci\u00f3n de datos, usted tiene los siguientes derechos con respecto a sus datos personales:<br>Acceso: Solicitar acceso a los datos personales que tengo sobre usted.<br>Rectificaci\u00f3n: Solicitar la correcci\u00f3n de cualquier dato inexacto o incompleto.<br>Supresi\u00f3n: Solicitar la supresi\u00f3n de sus datos personales cuando ya no sean necesarios.<br>Limitaci\u00f3n: Solicitar la restricci\u00f3n del tratamiento en determinadas circunstancias.<br>Oposici\u00f3n: Oponerse al tratamiento basado en intereses leg\u00edtimos o con fines de venta directa.<br>Portabilidad: Solicitar la transferencia de datos a otra organizaci\u00f3n, cuando proceda.<br>Para ejercer estos derechos, p\u00f3ngase en contacto conmigo a trav\u00e9s de los datos que figuran a continuaci\u00f3n.<br>\u00a0<br><strong>8. Enlaces de terceros<\/strong><br>Mi sitio web puede contener enlaces a sitios de terceros. No soy responsable de sus pr\u00e1cticas de privacidad ni de su contenido. Por favor, revise las pol\u00edticas de privacidad de los sitios de terceros que visite.<br>\u00a0<br><strong>9. Cambios en esta pol\u00edtica de privacidad<\/strong><br>Puedo actualizar esta Pol\u00edtica de Privacidad ocasionalmente. Los cambios se publicar\u00e1n en esta p\u00e1gina con una fecha de entrada en vigor actualizada. El uso continuado de mi sitio web y de mis servicios implica la aceptaci\u00f3n de la Pol\u00edtica de Privacidad revisada.<br>\u00a0<br><strong>10. P\u00f3ngase en contacto conmigo<\/strong><br>Si usted tiene alguna pregunta acerca de esta Pol\u00edtica de Privacidad o c\u00f3mo manejo su informaci\u00f3n personal, por favor p\u00f3ngase en contacto conmigo en:<br><a href=\"mailto:ginebrapedraz@gmail.com\">ginebrapedraz@gmail.com<\/a><br>+34 646072764<\/div>\n<\/div>\n\n\n\n<div class=\"wp-block-greenshift-blocks-container alignfull gspb_container gspb_container-gsbp-a2be0a6\" id=\"gspb_container-id-gsbp-a2be0a6\">\n<div class=\"wp-block-greenshift-blocks-row alignfull gspb_row gspb_row-id-gsbp-0fc12f2 gspb_row--gutter-custom-0\" id=\"gspb_row-id-gsbp-0fc12f2\"><div class=\"gspb_row__content\"> \n<div class=\"wp-block-greenshift-blocks-row-column gspb_row__col--6 gspb_row__col--xs-4 gspb_col-id-gsbp-dbd26ac\" id=\"gspb_col-id-gsbp-dbd26ac\">\n<div id=\"gspb_text-id-gsbp-15a9f7b\" class=\"gspb_text gspb_text-id-gsbp-15a9f7b\"><a href=\"https:\/\/ginebrapedrazbeauty.com\/en\/\" data-type=\"page\" data-id=\"858\">HOME<\/a><br><a href=\"https:\/\/ginebrapedrazbeauty.com\/en\/novias\/\" data-type=\"page\" data-id=\"1310\">BRIDES<\/a><br><a href=\"https:\/\/ginebrapedrazbeauty.com\/en\/eventos\/\" data-type=\"page\" data-id=\"1300\">EVENTS<\/a><br><a href=\"https:\/\/ginebrapedrazbeauty.com\/en\/galeria\/\" data-type=\"page\" data-id=\"851\">GALLERY<\/a><br><a href=\"https:\/\/ginebrapedrazbeauty.com\/en\/formacion\/\" data-type=\"page\" data-id=\"1458\">EDUCATION<\/a><br><a href=\"https:\/\/ginebrapedrazbeauty.com\/en\/testimonios\/\" data-type=\"page\" data-id=\"734\">TESTIMONIALS<\/a><br><a href=\"https:\/\/ginebrapedrazbeauty.com\/en\/contacto\/\" data-type=\"page\" data-id=\"678\">CONTACT<\/a><\/div>\n<\/div>\n\n\n\n<div class=\"wp-block-greenshift-blocks-row-column gspb_row__col--6 gspb_row__col--xs-8 gspb_col-id-gsbp-f78b71b\" id=\"gspb_col-id-gsbp-f78b71b\">\n<div class=\"wp-block-greenshift-blocks-image gspb_image gspb_image-id-gsbp-dbd34b7\" id=\"gspb_image-id-gsbp-dbd34b7\"><a href=\"https:\/\/ginebrapedrazbeauty.com\/en\/\" ><img decoding=\"async\" src=\"https:\/\/ginebrapedrazbeauty.com\/wp-content\/uploads\/2026\/03\/LOGOTIPO-1-1-scaled-e1773489149232.png\" data-src=\"\" alt=\"\" loading=\"lazy\" width=\"2220\" height=\"950\"\/><\/a><\/div>\n\n\n\n<div class=\"wp-block-greenshift-blocks-container gspb_container gspb_container-gsbp-c0f6f10\" id=\"gspb_container-id-gsbp-c0f6f10\">\n<div class=\"wp-block-greenshift-blocks-container gspb_container gspb_container-gsbp-83722fc\" id=\"gspb_container-id-gsbp-83722fc\">\n<div class=\"wp-block-greenshift-blocks-iconbox gspb_iconBox gspb_iconBox-id-gsbp-c5d9da7\" id=\"gspb_iconBox-id-gsbp-c5d9da7\"><a class=\"gspb-containerlink\" href=\"https:\/\/www.instagram.com\/ginebrapedrazbeauty\/\" target=\"_blank\" rel=\"noopener\"><div class=\"gspb_iconBox__wrapper\" style=\"display:inline-flex\"><svg class=\"\" style=\"display:inline-block;vertical-align:middle\" width=\"72\" height=\"72\" viewbox=\"0 0 896 1024\" xmlns=\"http:\/\/www.w3.org\/2000\/svg\"><path style=\"fill:#565D66\" d=\"M448.2 282c-127.2 0-229.8 102.6-229.8 229.8s102.6 229.8 229.8 229.8 229.8-102.6 229.8-229.8-102.6-229.8-229.8-229.8zM448.2 661.2c-82.2 0-149.4-67-149.4-149.4s67-149.4 149.4-149.4 149.4 67 149.4 149.4-67.2 149.4-149.4 149.4zM741 272.6c0 29.8-24 53.6-53.6 53.6-29.8 0-53.6-24-53.6-53.6s24-53.6 53.6-53.6 53.6 24 53.6 53.6zM893.2 327c-3.4-71.8-19.8-135.4-72.4-187.8-52.4-52.4-116-68.8-187.8-72.4-74-4.2-295.8-4.2-369.8 0-71.6 3.4-135.2 19.8-187.8 72.2s-68.8 116-72.4 187.8c-4.2 74-4.2 295.8 0 369.8 3.4 71.8 19.8 135.4 72.4 187.8s116 68.8 187.8 72.4c74 4.2 295.8 4.2 369.8 0 71.8-3.4 135.4-19.8 187.8-72.4 52.4-52.4 68.8-116 72.4-187.8 4.2-74 4.2-295.6 0-369.6zM797.6 776c-15.6 39.2-45.8 69.4-85.2 85.2-59 23.4-199 18-264.2 18s-205.4 5.2-264.2-18c-39.2-15.6-69.4-45.8-85.2-85.2-23.4-59-18-199-18-264.2s-5.2-205.4 18-264.2c15.6-39.2 45.8-69.4 85.2-85.2 59-23.4 199-18 264.2-18s205.4-5.2 264.2 18c39.2 15.6 69.4 45.8 85.2 85.2 23.4 59 18 199 18 264.2s5.4 205.4-18 264.2z\"><\/path><\/svg><\/div><\/a><\/div>\n<\/div>\n\n\n\n<div class=\"wp-block-greenshift-blocks-container gspb_container gspb_container-gsbp-3a93cec\" id=\"gspb_container-id-gsbp-3a93cec\">\n<div class=\"wp-block-greenshift-blocks-iconbox gspb_iconBox gspb_iconBox-id-gsbp-6ed6fec\" id=\"gspb_iconBox-id-gsbp-6ed6fec\"><a class=\"gspb-containerlink\" href=\"https:\/\/www.facebook.com\/ginebra.pedrazsoldevilla?mibextid=wwXIfr&amp;rdid=QMwJsEe7ZAhElr8N&amp;share_url=https%3A%2F%2Fwww.facebook.com%2Fshare%2F1BzycSuvtF%2F%3Fmibextid%3DwwXIfr\" target=\"_blank\" rel=\"noopener\"><div class=\"gspb_iconBox__wrapper\" style=\"display:inline-flex\"><svg class=\"\" style=\"display:inline-block;vertical-align:middle\" width=\"72\" height=\"72\" viewbox=\"0 0 1024 1024\" xmlns=\"http:\/\/www.w3.org\/2000\/svg\"><path style=\"fill:#565D66\" d=\"M1008 512c0-274-222-496-496-496s-496 222-496 496c0 247.56 181.38 452.76 418.5 490v-346.62h-126v-143.38h126v-109.28c0-124.3 74-192.96 187.34-192.96 54.28 0 111.040 9.68 111.040 9.68v122h-62.56c-61.6 0-80.82 38.24-80.82 77.46v93.1h137.56l-22 143.38h-115.56v346.62c237.12-37.24 418.5-242.44 418.5-490z\"><\/path><\/svg><\/div><\/a><\/div>\n<\/div>\n\n\n\n<div class=\"wp-block-greenshift-blocks-container gspb_container gspb_container-gsbp-d9f1991\" id=\"gspb_container-id-gsbp-d9f1991\">\n<div class=\"wp-block-greenshift-blocks-iconbox gspb_iconBox gspb_iconBox-id-gsbp-52382e9\" id=\"gspb_iconBox-id-gsbp-52382e9\"><a class=\"gspb-containerlink\" href=\"https:\/\/www.pinterest.com\/ginebrapedrazbeauty\/?invite_code=193b35d6e4214625a9e3fd7e6607906f&amp;sender=558446559952377154\" target=\"_blank\" rel=\"noopener\"><div class=\"gspb_iconBox__wrapper\" style=\"display:inline-flex\"><svg class=\"\" style=\"display:inline-block;vertical-align:middle\" width=\"72\" height=\"72\" viewbox=\"0 0 992 1024\" xmlns=\"http:\/\/www.w3.org\/2000\/svg\"><path style=\"fill:#565D66\" d=\"M992 512c0 274-222 496-496 496-51.2 0-100.4-7.8-146.8-22.2 20.2-33 50.4-87 61.6-130 6-23.2 30.8-118 30.8-118 16.2 30.8 63.4 57 113.6 57 149.6 0 257.4-137.6 257.4-308.6 0-163.8-133.8-286.4-305.8-286.4-214 0-327.8 143.6-327.8 300.2 0 72.8 38.8 163.4 100.6 192.2 9.4 4.4 14.4 2.4 16.6-6.6 1.6-6.8 10-40.6 13.8-56.2 1.2-5 0.6-9.4-3.4-14.2-20.2-25-36.6-70.6-36.6-113.2 0-109.4 82.8-215.2 224-215.2 121.8 0 207.2 83 207.2 201.8 0 134.2-67.8 227.2-156 227.2-48.6 0-85.2-40.2-73.4-89.6 14-59 41-122.6 41-165.2 0-38-20.4-69.8-62.8-69.8-49.8 0-89.8 51.4-89.8 120.4 0 44 14.8 73.6 14.8 73.6s-49 207.6-58 246.4c-10 42.8-6 103.2-1.8 142.4-184.4-72.2-315.2-251.8-315.2-462 0-274 222-496 496-496s496 222 496 496z\"><\/path><\/svg><\/div><\/a><\/div>\n<\/div>\n\n\n\n<div class=\"wp-block-greenshift-blocks-container gspb_container gspb_container-gsbp-bf3d919\" id=\"gspb_container-id-gsbp-bf3d919\">\n<div class=\"wp-block-greenshift-blocks-iconbox gspb_iconBox gspb_iconBox-id-gsbp-b0c0eb9\" id=\"gspb_iconBox-id-gsbp-b0c0eb9\"><a class=\"gspb-containerlink\" href=\"https:\/\/wa.me\/34646072764\" target=\"_blank\" rel=\"noopener\"><div class=\"gspb_iconBox__wrapper\" style=\"display:inline-flex\"><svg class=\"\" style=\"display:inline-block;vertical-align:middle\" width=\"72\" height=\"72\" viewbox=\"0 0 896 1024\" xmlns=\"http:\/\/www.w3.org\/2000\/svg\"><path style=\"fill:#565D66\" d=\"M761.8 194.2c-83.8-84-195.4-130.2-314-130.2-244.8 0-444 199.2-444 444 0 78.2 20.4 154.6 59.2 222l-63 230 235.4-61.8c64.8 35.4 137.8 54 212.2 54h0.2c244.6 0 448.2-199.2 448.2-444 0-118.6-50.4-230-134.2-314zM447.8 877.4c-66.4 0-131.4-17.8-188-51.4l-13.4-8-139.6 36.6 37.2-136.2-8.8-14c-37-58.8-56.4-126.6-56.4-196.4 0-203.4 165.6-369 369.2-369 98.6 0 191.2 38.4 260.8 108.2s112.4 162.4 112.2 261c0 203.6-169.8 369.2-373.2 369.2zM650.2 601c-11-5.6-65.6-32.4-75.8-36-10.2-3.8-17.6-5.6-25 5.6s-28.6 36-35.2 43.6c-6.4 7.4-13 8.4-24 2.8-65.2-32.6-108-58.2-151-132-11.4-19.6 11.4-18.2 32.6-60.6 3.6-7.4 1.8-13.8-1-19.4s-25-60.2-34.2-82.4c-9-21.6-18.2-18.6-25-19-6.4-0.4-13.8-0.4-21.2-0.4s-19.4 2.8-29.6 13.8c-10.2 11.2-38.8 38-38.8 92.6s39.8 107.4 45.2 114.8c5.6 7.4 78.2 119.4 189.6 167.6 70.4 30.4 98 33 133.2 27.8 21.4-3.2 65.6-26.8 74.8-52.8s9.2-48.2 6.4-52.8c-2.6-5-10-7.8-21-13.2z\"><\/path><\/svg><\/div><\/a><\/div>\n<\/div>\n<\/div>\n<\/div>\n <\/div><\/div>\n\n\n\n<div class=\"wp-block-greenshift-blocks-container gspb_container gspb_container-gsbp-dbb51bb\" id=\"gspb_container-id-gsbp-dbb51bb\">\n<div id=\"gspb_text-id-gsbp-2a6aeec\" class=\"gspb_text gspb_text-id-gsbp-2a6aeec\"><a href=\"https:\/\/ginebrapedrazbeauty.com\/en\/cookies\/\" data-type=\"page\" data-id=\"1091\">Cookies<\/a> | <a href=\"https:\/\/ginebrapedrazbeauty.com\/en\/politica-de-privacidad\/\" data-type=\"page\" data-id=\"3\">Privacy policy<\/a><\/div>\n\n\n\n<div id=\"gspb_text-id-gsbp-a962d18\" class=\"gspb_text gspb_text-id-gsbp-a962d18\">Copyright \u00a9 2026 &#8211; Ginebra Pedraz Beauty<\/div>\n<\/div>\n<\/div>","protected":false},"excerpt":{"rendered":"","protected":false},"author":1,"featured_media":0,"parent":0,"menu_order":0,"comment_status":"closed","ping_status":"closed","template":"","meta":{"_gspb_post_css":".gspb_container-id-gsbp-222be45{flex-direction:column;box-sizing:border-box}#gspb_container-id-gsbp-222be45.gspb_container>p:last-of-type,#gspb_container-id-gsbp-3a93cec.gspb_container>p:last-of-type,#gspb_container-id-gsbp-83722fc.gspb_container>p:last-of-type,#gspb_container-id-gsbp-a2be0a6.gspb_container>p:last-of-type,#gspb_container-id-gsbp-bf3d919.gspb_container>p:last-of-type,#gspb_container-id-gsbp-c0f6f10.gspb_container>p:last-of-type,#gspb_container-id-gsbp-d9f1991.gspb_container>p:last-of-type,#gspb_container-id-gsbp-dbb51bb.gspb_container>p:last-of-type{margin-bottom:0}#gspb_container-id-gsbp-222be45.gspb_container{position:relative;box-sizing:border-box}#gspb_image-id-gsbp-fc38686 img{vertical-align:top;display:inline-block;box-sizing:border-box;max-width:100%;width:300px;height:auto}#gspb_image-id-gsbp-fc38686{margin-left:-40px;height:auto}@media (max-width:991.98px){#gspb_image-id-gsbp-fc38686,#gspb_image-id-gsbp-fc38686 img{height:auto}}@media (max-width:767.98px){#gspb_image-id-gsbp-fc38686,#gspb_image-id-gsbp-fc38686 img{height:auto}}@media (max-width:575.98px){#gspb_image-id-gsbp-fc38686,#gspb_image-id-gsbp-fc38686 img{height:auto}.gspb_text-id-gsbp-eb19a3f{font-size:12px}}.gspb_text-id-gsbp-eb19a3f{color:var(--wp--preset--color--text-on-brand, #000002);margin-top:0!important;margin-bottom:60px!important}.gspb_container-id-gsbp-a2be0a6{flex-direction:column;box-sizing:border-box}#gspb_container-id-gsbp-a2be0a6.gspb_container{position:relative;display:flex}@media (max-width:575.98px){#gspb_container-id-gsbp-a2be0a6.gspb_container{flex-direction:column;justify-content:center;align-items:center}}@media (min-width:992px){body.gspb-bodyfront #gspb_container-id-gsbp-a2be0a6.gspb_container{display:none!important}}#gspb_container-id-gsbp-a2be0a6.gspb_container{box-shadow:inset 0 0 20px 0 #00000357}@media (max-width:575.98px){#gspb_container-id-gsbp-a2be0a6.gspb_container{background-color:#ab896d99}}#gspb_container-id-gsbp-a2be0a6.gspb_container,div[id^=gspb_col-id]{box-sizing:border-box}@media (max-width:575.98px){body.gspb-bodyfront #gspb_container-id-gsbp-a2be0a6.gspb_container{height:35vh}}#gspb_row-id-gsbp-0fc12f2{justify-content:space-between;margin-top:0;margin-bottom:0;display:flex;flex-wrap:wrap;align-content:center}#gspb_row-id-gsbp-0fc12f2>.gspb_row__content{display:flex;margin:0 auto;width:100%;flex-wrap:wrap;align-items:center;justify-content:center}.gspb_row{position:relative}div[id^=gspb_col-id]{position:relative;padding:var(--gs-row-column-padding, 15px min(3vw, 20px))}body.gspb-bodyfront #gspb_row-id-gsbp-0fc12f2>.gspb_row__content{width:var(--theme-container-width, 1200px);max-width:var(--theme-normal-container-max-width, 1200px)}@media (max-width:575.98px){#gspb_row-id-gsbp-0fc12f2{min-width:80vw;max-width:80vw}body.gspb-bodyfront #gspb_row-id-gsbp-0fc12f2{position:absolute;top:20px}}#gspb_col-id-gsbp-dbd26ac.gspb_row__col--6{width:50%}@media (max-width:575.98px){#gspb_col-id-gsbp-dbd26ac.gspb_row__col--6{width:33.333333333333336%}}@media (min-width:992px){body.gspb-bodyfront #gspb_col-id-gsbp-dbd26ac.gspb_row__col--6{width:calc(30% - 0px - 0px)}}#gspb_col-id-gsbp-dbd26ac.gspb_row__col--6{flex-direction:column}body #gspb_col-id-gsbp-dbd26ac.gspb_row__col--6,body #gspb_col-id-gsbp-f78b71b.gspb_row__col--6{display:flex}.gspb_text-id-gsbp-15a9f7b{font-family:Montserrat,sans-serif}@media (max-width:575.98px){.gspb_text-id-gsbp-15a9f7b{font-size:10px;line-height:20px;text-align:left!important}.gspb_text-id-gsbp-15a9f7b .gsap-g-line{text-align:left!important}}.gspb_text-id-gsbp-15a9f7b,.gspb_text-id-gsbp-15a9f7b .wp-block a,.gspb_text-id-gsbp-15a9f7b a{color:var(--wp--preset--color--palette-color-8, var(--theme-palette-color-8, #ffffff))}@media (max-width:575.98px){.gspb_text-id-gsbp-15a9f7b{margin-top:0!important;margin-bottom:0!important}}#gspb_col-id-gsbp-f78b71b.gspb_row__col--6{width:50%}@media (max-width:575.98px){#gspb_col-id-gsbp-f78b71b.gspb_row__col--6{width:66.66666666666667%}}@media (min-width:992px){body.gspb-bodyfront #gspb_col-id-gsbp-f78b71b.gspb_row__col--6{width:calc(70% - 0px - 0px)}}@media (max-width:575.98px){body #gspb_col-id-gsbp-f78b71b.gspb_row__col--6{flex-direction:column;justify-content:center;align-items:center}}#gspb_image-id-gsbp-dbd34b7 img{vertical-align:top;display:inline-block;box-sizing:border-box;max-width:100%;height:auto}@media (max-width:575.98px){#gspb_image-id-gsbp-dbd34b7 img{width:custom;height:auto}#gspb_image-id-gsbp-dbd34b7{height:auto}}.gspb_container-id-gsbp-3a93cec,.gspb_container-id-gsbp-83722fc,.gspb_container-id-gsbp-bf3d919,.gspb_container-id-gsbp-c0f6f10,.gspb_container-id-gsbp-d9f1991,.gspb_container-id-gsbp-dbb51bb{flex-direction:column;box-sizing:border-box}#gspb_container-id-gsbp-c0f6f10.gspb_container{position:relative;display:grid;grid-template-columns:repeat(2,minmax(0,1fr))}@media (max-width:575.98px){#gspb_container-id-gsbp-c0f6f10.gspb_container{grid-template-columns:repeat(4,minmax(0,1fr));column-gap:13.4px;margin-top:var(--wp--preset--spacing--50);margin-left:var(--wp--preset--spacing--40)}}#gspb_container-id-gsbp-c0f6f10.gspb_container{box-sizing:border-box}#gspb_container-id-gsbp-83722fc.gspb_container{position:relative}@media (max-width:575.98px){#gspb_container-id-gsbp-83722fc.gspb_container{margin-bottom:0}}#gspb_container-id-gsbp-83722fc.gspb_container{box-sizing:border-box}#gspb_iconBox-id-gsbp-c5d9da7 svg{width:72px}#gspb_iconBox-id-gsbp-52382e9 a,#gspb_iconBox-id-gsbp-6ed6fec a,#gspb_iconBox-id-gsbp-b0c0eb9 a,#gspb_iconBox-id-gsbp-c5d9da7 a{justify-content:center;display:flex}@media (max-width:575.98px){#gspb_iconBox-id-gsbp-c5d9da7 svg{height:25px!important;width:25px!important;min-width:25px!important}}#gspb_iconBox-id-gsbp-c5d9da7 svg,#gspb_iconBox-id-gsbp-c5d9da7 svg path{fill:var(--wp--preset--color--palette-color-2, var(--theme-palette-color-2, #705945))!important}#gspb_iconBox-id-gsbp-c5d9da7 svg{margin:0!important}#gspb_iconBox-id-gsbp-52382e9 svg:hover,#gspb_iconBox-id-gsbp-52382e9 svg:hover path,#gspb_iconBox-id-gsbp-6ed6fec svg:hover,#gspb_iconBox-id-gsbp-6ed6fec svg:hover path,#gspb_iconBox-id-gsbp-b0c0eb9 svg:hover,#gspb_iconBox-id-gsbp-b0c0eb9 svg:hover path,#gspb_iconBox-id-gsbp-c5d9da7 svg:hover,#gspb_iconBox-id-gsbp-c5d9da7 svg:hover path{fill:var(--wp--preset--color--palette-color-8, var(--theme-palette-color-8, #ffffff))!important}#gspb_container-id-gsbp-3a93cec.gspb_container{position:relative}@media (max-width:575.98px){#gspb_container-id-gsbp-3a93cec.gspb_container{margin-bottom:0}}#gspb_container-id-gsbp-3a93cec.gspb_container{box-sizing:border-box}#gspb_iconBox-id-gsbp-6ed6fec svg{width:72px}@media (max-width:575.98px){#gspb_iconBox-id-gsbp-6ed6fec svg{height:25px!important;width:25px!important;min-width:25px!important}}#gspb_iconBox-id-gsbp-6ed6fec svg,#gspb_iconBox-id-gsbp-6ed6fec svg path{fill:var(--wp--preset--color--palette-color-2, var(--theme-palette-color-2, #705945))!important}#gspb_iconBox-id-gsbp-6ed6fec svg{margin:0!important}#gspb_iconBox-id-gsbp-52382e9 svg{width:72px}@media (max-width:575.98px){#gspb_iconBox-id-gsbp-52382e9 svg{height:25px!important;width:25px!important;min-width:25px!important}}#gspb_iconBox-id-gsbp-52382e9 svg,#gspb_iconBox-id-gsbp-52382e9 svg path{fill:var(--wp--preset--color--palette-color-2, var(--theme-palette-color-2, #705945))!important}#gspb_iconBox-id-gsbp-52382e9 svg{margin:0!important}#gspb_container-id-gsbp-bf3d919.gspb_container,#gspb_container-id-gsbp-d9f1991.gspb_container{position:relative;box-sizing:border-box}#gspb_iconBox-id-gsbp-b0c0eb9 svg{width:72px}@media (max-width:575.98px){#gspb_iconBox-id-gsbp-b0c0eb9 svg{height:25px!important;width:25px!important;min-width:25px!important}}#gspb_iconBox-id-gsbp-b0c0eb9 svg,#gspb_iconBox-id-gsbp-b0c0eb9 svg path{fill:var(--wp--preset--color--palette-color-2, var(--theme-palette-color-2, #705945))!important}#gspb_iconBox-id-gsbp-b0c0eb9 svg{margin:0!important}#gspb_container-id-gsbp-dbb51bb.gspb_container{position:relative;display:flex}@media (max-width:575.98px){#gspb_container-id-gsbp-dbb51bb.gspb_container{flex-direction:column;align-items:center}body.gspb-bodyfront #gspb_container-id-gsbp-dbb51bb.gspb_container{position:absolute;bottom:20px}}#gspb_container-id-gsbp-dbb51bb.gspb_container{box-sizing:border-box}@media (max-width:575.98px){.gspb_text-id-gsbp-2a6aeec{font-size:12px}}.gspb_text-id-gsbp-2a6aeec,.gspb_text-id-gsbp-2a6aeec .wp-block a,.gspb_text-id-gsbp-2a6aeec a{color:var(--wp--preset--color--palette-color-2, var(--theme-palette-color-2, #705945))}@media (max-width:575.98px){.gspb_text-id-gsbp-2a6aeec{margin-top:0!important}.gspb_text-id-gsbp-a962d18{font-size:12px}}.gspb_text-id-gsbp-a962d18{color:var(--wp--preset--color--palette-color-2, var(--theme-palette-color-2, #705945))}","pgc_sgb_lightbox_settings":"","footnotes":""},"class_list":["post-3","page","type-page","status-publish","hentry"],"blocksy_meta":{"has_hero_section":"disabled","disable_header":"yes","styles_descriptor":{"styles":{"desktop":"","tablet":"","mobile":""},"google_fonts":[],"version":6}},"_hostinger_reach_plugin_has_subscription_block":false,"_hostinger_reach_plugin_is_elementor":false,"_links":{"self":[{"href":"https:\/\/ginebrapedrazbeauty.com\/en\/wp-json\/wp\/v2\/pages\/3","targetHints":{"allow":["GET"]}}],"collection":[{"href":"https:\/\/ginebrapedrazbeauty.com\/en\/wp-json\/wp\/v2\/pages"}],"about":[{"href":"https:\/\/ginebrapedrazbeauty.com\/en\/wp-json\/wp\/v2\/types\/page"}],"author":[{"embeddable":true,"href":"https:\/\/ginebrapedrazbeauty.com\/en\/wp-json\/wp\/v2\/users\/1"}],"replies":[{"embeddable":true,"href":"https:\/\/ginebrapedrazbeauty.com\/en\/wp-json\/wp\/v2\/comments?post=3"}],"version-history":[{"count":13,"href":"https:\/\/ginebrapedrazbeauty.com\/en\/wp-json\/wp\/v2\/pages\/3\/revisions"}],"predecessor-version":[{"id":2472,"href":"https:\/\/ginebrapedrazbeauty.com\/en\/wp-json\/wp\/v2\/pages\/3\/revisions\/2472"}],"wp:attachment":[{"href":"https:\/\/ginebrapedrazbeauty.com\/en\/wp-json\/wp\/v2\/media?parent=3"}],"curies":[{"name":"wp","href":"https:\/\/api.w.org\/{rel}","templated":true}]}}